{"id":13,"date":"2017-03-06T11:18:27","date_gmt":"2017-03-06T11:18:27","guid":{"rendered":"http:\/\/demos.artbees.net\/jupiter5\/apemius\/?page_id=13"},"modified":"2022-10-19T14:39:44","modified_gmt":"2022-10-19T14:39:44","slug":"contact","status":"publish","type":"page","link":"https:\/\/institutopilar.org.br\/site\/?page_id=13","title":{"rendered":"Contato"},"content":{"rendered":"[vc_row fullwidth=&#8221;true&#8221; equal_columns=&#8221;true&#8221; attached=&#8221;true&#8221;][vc_column width=&#8221;1\/2&#8243;][mk_custom_box padding_vertical=&#8221;0&#8243; padding_horizental=&#8221;80&#8243; margin_bottom=&#8221;0&#8243; min_height=&#8221;700&#8243; bg_color=&#8221;#9886ec&#8221; background_hov_color_style=&#8221;image&#8221; bg_image_hov_effect=&#8221;grayscale&#8221; bg_stretch=&#8221;true&#8221;][mk_padding_divider size=&#8221;140&#8243;][mk_fancy_title tag_name=&#8221;h4&#8243; color=&#8221;#ffffff&#8221; size=&#8221;16&#8243; font_weight=&#8221;bold&#8221; txt_transform=&#8221;uppercase&#8221; letter_spacing=&#8221;1&#8243; margin_bottom=&#8221;0&#8243; font_family=&#8221;Lato&#8221; font_type=&#8221;google&#8221; align=&#8221;center&#8221;]Envie um e-mail.[\/mk_fancy_title][mk_fancy_title tag_name=&#8221;h1&#8243; color=&#8221;#ffffff&#8221; size=&#8221;80&#8243; force_font_size=&#8221;true&#8221; size_tablet=&#8221;30&#8243; size_phone=&#8221;30&#8243; font_weight=&#8221;bold&#8221; txt_transform=&#8221;none&#8221; letter_spacing=&#8221;2&#8243; font_family=&#8221;none&#8221; align=&#8221;center&#8221;]Fale Conosco[\/mk_fancy_title][vc_column_text disable_pattern=&#8221;false&#8221; align=&#8221;center&#8221; margin_bottom=&#8221;20&#8243; css=&#8221;.vc_custom_1617827016351{margin-bottom: 20px !important;}&#8221;]\n<p style=\"text-align: justify;\"><span style=\"color: #ffffff;\">Cr\u00edtica, sugest\u00e3o ou apenas iniciar uma conversa, \u00e9 s\u00f3 entrar em contato. Caso tenha interesse em trabalhar com a gente, envie o seu curr\u00edculo!<\/span><\/p>\n[\/vc_column_text][\/mk_custom_box][\/vc_column][vc_column width=&#8221;1\/2&#8243;][mk_custom_box padding_vertical=&#8221;0&#8243; padding_horizental=&#8221;0&#8243; margin_bottom=&#8221;0&#8243; min_height=&#8221;700&#8243; bg_image=&#8221;http:\/\/institutopilar.org.br\/site\/wp-content\/uploads\/2021\/10\/foto_01.jpg&#8221; background_hov_color_style=&#8221;image&#8221; bg_image_hov_effect=&#8221;grayscale&#8221; bg_stretch=&#8221;true&#8221;][\/mk_custom_box][\/vc_column][\/vc_row][vc_row fullwidth=&#8221;true&#8221; attached=&#8221;true&#8221;][vc_column width=&#8221;1\/2&#8243;][mk_custom_box padding_vertical=&#8221;60&#8243; padding_horizental=&#8221;70&#8243; margin_bottom=&#8221;0&#8243; min_height=&#8221;200&#8243; bg_color=&#8221;#ed6950&#8243; background_hov_color_style=&#8221;image&#8221; bg_hov_color=&#8221;#ed745c&#8221; bg_stretch=&#8221;true&#8221;][mk_icon_box2 icon_type=&#8221;image&#8221; icon_size=&#8221;48&#8243; icon_image=&#8221;http:\/\/institutopilar.org.br\/site\/wp-content\/uploads\/2021\/04\/carg_02.png&#8221; title=&#8221;CONVERSE COM A GENTE&#8221; title_size=&#8221;16&#8243; title_color=&#8221;#ffffff&#8221; title_top_padding=&#8221;20&#8243; description_color=&#8221;#ffffff&#8221;]contato@institutopilar.org.br[\/mk_icon_box2][\/mk_custom_box][\/vc_column][vc_column width=&#8221;1\/2&#8243;][mk_custom_box padding_vertical=&#8221;60&#8243; padding_horizental=&#8221;70&#8243; margin_bottom=&#8221;0&#8243; min_height=&#8221;200&#8243; bg_color=&#8221;#ffbb44&#8243; background_hov_color_style=&#8221;image&#8221; bg_hov_color=&#8221;#ffc054&#8243; bg_stretch=&#8221;true&#8221;][mk_icon_box2 icon_type=&#8221;image&#8221; icon_size=&#8221;48&#8243; icon_image=&#8221;http:\/\/institutopilar.org.br\/site\/wp-content\/uploads\/2021\/04\/carg_02.png&#8221; title=&#8221;ENVIE SEU CURR\u00cdCULO&#8221; title_size=&#8221;16&#8243; title_color=&#8221;#ffffff&#8221; title_top_padding=&#8221;20&#8243; description_color=&#8221;#ffffff&#8221;]rh@institutopilar.org.br[\/mk_icon_box2][\/mk_custom_box][\/vc_column][\/vc_row][vc_row css=&#8221;.vc_custom_1617889061407{background-color: #fdf2dc !important;}&#8221;][vc_column width=&#8221;1\/2&#8243;][mk_padding_divider][mk_fancy_title font_family=&#8221;none&#8221;]\n<h2><strong>Fale Conosco<\/strong><\/h2>\n[\/mk_fancy_title][mk_padding_divider][contact-form-7 id=&#8221;520&#8243;][\/vc_column][vc_column width=&#8221;1\/2&#8243;][mk_custom_box padding_vertical=&#8221;100&#8243; padding_horizental=&#8221;40&#8243; margin_bottom=&#8221;0&#8243; min_height=&#8221;700&#8243; bg_color=&#8221;#fdf2dc&#8221;][mk_fancy_title font_family=&#8221;none&#8221;]\n<h2><strong>Instituto Pilar<\/strong><\/h2>\n[\/mk_fancy_title][mk_icon_box icon=&#8221;mk-li-phone&#8221; text_size=&#8221;20&#8243; style=&#8221;simple_ultimate&#8221; icon_color=&#8221;#000000&#8243; title_color=&#8221;#000000&#8243; txt_color=&#8221;#000000&#8243;]<strong>+55 11 3662-2709<\/strong>[\/mk_icon_box][mk_icon_box icon=&#8221;mk-li-mail&#8221; style=&#8221;simple_ultimate&#8221; icon_color=&#8221;#000000&#8243; title_color=&#8221;#000000&#8243; txt_color=&#8221;#000000&#8243;]<strong>contato@institutopilar.org.br<\/strong>[\/mk_icon_box][mk_icon_box icon=&#8221;mk-li-pinmap&#8221; style=&#8221;simple_ultimate&#8221; icon_color=&#8221;#000000&#8243; title_color=&#8221;#000000&#8243; txt_color=&#8221;#000000&#8243;]<strong>Rua Dr. Albuquerque Lins, 304<\/strong><br \/>\n<strong>CEP: 01230-001<\/strong><br \/>\n<strong>Santa Cec\u00edlia &#8211; SP<\/strong>[\/mk_icon_box][mk_social_networks size=&#8221;medium&#8221; style=&#8221;simple&#8221; margin=&#8221;10&#8243; icon_color=&#8221;#444444&#8243; icon_hover_color=&#8221;#606060&#8243; facebook=&#8221;https:\/\/www.facebook.com\/instituto.pilar&#8221; youtube=&#8221;https:\/\/www.youtube.com\/channel\/UCNsF-GcXyNBSpGUF1pQkNuQ&#8221;][\/mk_custom_box][\/vc_column][\/vc_row]\n","protected":false},"excerpt":{"rendered":"<p>[vc_row fullwidth=&#8221;true&#8221; equal_columns=&#8221;true&#8221; attached=&#8221;true&#8221;][vc_column width=&#8221;1\/2&#8243;][mk_custom_box padding_vertical=&#8221;0&#8243; padding_horizental=&#8221;80&#8243; margin_bottom=&#8221;0&#8243; min_height=&#8221;700&#8243; bg_color=&#8221;#9886ec&#8221; background_hov_color_style=&#8221;image&#8221; bg_image_hov_effect=&#8221;grayscale&#8221; bg_stretch=&#8221;true&#8221;][mk_padding_divider size=&#8221;140&#8243;][mk_fancy_title tag_name=&#8221;h4&#8243; color=&#8221;#ffffff&#8221; size=&#8221;16&#8243; font_weight=&#8221;bold&#8221; txt_transform=&#8221;uppercase&#8221; letter_spacing=&#8221;1&#8243; margin_bottom=&#8221;0&#8243; font_family=&#8221;Lato&#8221; font_type=&#8221;google&#8221; align=&#8221;center&#8221;]Envie um e-mail.[\/mk_fancy_title][mk_fancy_title tag_name=&#8221;h1&#8243; color=&#8221;#ffffff&#8221; size=&#8221;80&#8243; force_font_size=&#8221;true&#8221; size_tablet=&#8221;30&#8243; size_phone=&#8221;30&#8243; font_weight=&#8221;bold&#8221; txt_transform=&#8221;none&#8221; letter_spacing=&#8221;2&#8243; font_family=&#8221;none&#8221; align=&#8221;center&#8221;]Fale Conosco[\/mk_fancy_title][vc_column_text disable_pattern=&#8221;false&#8221; align=&#8221;center&#8221; margin_bottom=&#8221;20&#8243; css=&#8221;.vc_custom_1617827016351{margin-bottom: 20px !important;}&#8221;] Cr\u00edtica, sugest\u00e3o ou apenas iniciar uma conversa, \u00e9 s\u00f3 entrar em [&hellip;]<\/p>\n","protected":false},"author":2,"featured_media":0,"parent":0,"menu_order":0,"comment_status":"closed","ping_status":"closed","template":"","meta":{"footnotes":""},"class_list":["post-13","page","type-page","status-publish","hentry"],"_links":{"self":[{"href":"https:\/\/institutopilar.org.br\/site\/index.php?rest_route=\/wp\/v2\/pages\/13","targetHints":{"allow":["GET"]}}],"collection":[{"href":"https:\/\/institutopilar.org.br\/site\/index.php?rest_route=\/wp\/v2\/pages"}],"about":[{"href":"https:\/\/institutopilar.org.br\/site\/index.php?rest_route=\/wp\/v2\/types\/page"}],"author":[{"embeddable":true,"href":"https:\/\/institutopilar.org.br\/site\/index.php?rest_route=\/wp\/v2\/users\/2"}],"replies":[{"embeddable":true,"href":"https:\/\/institutopilar.org.br\/site\/index.php?rest_route=%2Fwp%2Fv2%2Fcomments&post=13"}],"version-history":[{"count":24,"href":"https:\/\/institutopilar.org.br\/site\/index.php?rest_route=\/wp\/v2\/pages\/13\/revisions"}],"predecessor-version":[{"id":591,"href":"https:\/\/institutopilar.org.br\/site\/index.php?rest_route=\/wp\/v2\/pages\/13\/revisions\/591"}],"wp:attachment":[{"href":"https:\/\/institutopilar.org.br\/site\/index.php?rest_route=%2Fwp%2Fv2%2Fmedia&parent=13"}],"curies":[{"name":"wp","href":"https:\/\/api.w.org\/{rel}","templated":true}]}}