{"id":213,"date":"2021-04-06T15:42:24","date_gmt":"2021-04-06T15:42:24","guid":{"rendered":"https:\/\/institutopilar.org.br\/site\/?page_id=213"},"modified":"2021-04-07T19:25:10","modified_gmt":"2021-04-07T19:25:10","slug":"nossa-historia","status":"publish","type":"page","link":"https:\/\/institutopilar.org.br\/site\/?page_id=213","title":{"rendered":"Nossa Hist\u00f3ria"},"content":{"rendered":"[vc_row][vc_column][mk_fancy_title font_family=&#8221;none&#8221;]\r\n<h2><strong>Nossa Hist\u00f3ria<\/strong><\/h2>\r\n[\/mk_fancy_title][vc_column_text css=&#8221;.vc_custom_1617823482512{margin-bottom: 0px !important;}&#8221;]\r\n<p style=\"text-align: justify;\">Em 2002, na periferia da zona sul de S\u00e3o Paulo marcada por \u00edndices elevados de viol\u00eancia e alt\u00edssima vulnerabilidade um grupo de pessoas atuantes em sua comunidade e <strong>comprometidas<\/strong> em contribuir para a diminui\u00e7\u00e3o das desigualdades sociais constitui o Instituto Pilar.<\/p>\r\n\r\n<p style=\"text-align: justify;\">O objetivo principal buscava fortalecer e integrar a comunidade despertando-a \u00e0s a\u00e7\u00f5es coletivas que apontassem as necessidades vividas.<\/p>\r\n\r\n<p style=\"text-align: justify;\">Iniciou-se primeiramente no \u00a0mapeando das situa\u00e7\u00f5es de vulnerabilidade e das viola\u00e7\u00f5es de direitos com intuito de promover \u00a0a <strong>supera\u00e7\u00e3o <\/strong>das situa\u00e7\u00f5es de violencias, o seu <strong>empoderamento<\/strong> ,seu fortalecimento no conv\u00edvio familiar e comunit\u00e1rio por meio de sua inser\u00e7\u00e3o nas pol\u00edticas p\u00fablicas e seu pleno exerc\u00edcio de cidadania.<\/p>\r\n\r\n<p style=\"text-align: justify;\">Nos anos que se seguiram as atividades desenvolvidas pela entidade fortaleceram a luta por urbaniza\u00e7\u00e3o, saneamento b\u00e1sico e pelo acesso \u00e0s pol\u00edticas p\u00fablicas e aos projetos na regi\u00e3o do Jd. \u00c2ngela, periferia de S\u00e3o Paulo.<\/p>\r\n\r\n<p style=\"text-align: justify;\">Em 2010 o Instituto Pilar buscou qualificar-se no desenvolvimento de a\u00e7\u00f5es de pol\u00edticas sociais, tornando-se correspons\u00e1vel na execu\u00e7\u00e3o de servi\u00e7os e pol\u00edticas p\u00fablicas em parceria com a SMADS \u2013 Secretaria Municipal de Assist\u00eancia e Desenvolvimento Social, contribuindo assim com fortalecimento da pol\u00edtica de assist\u00eancia social na cidade de S\u00e3o Paulo.<\/p>\r\n\r\n<p style=\"text-align: justify;\">Dentre os termos de conv\u00eanios firmados com esta pasta, mantivemos, desde 2012, 02 N\u00facleos de Prote\u00e7\u00e3o Jur\u00eddico Social e Apoio Psicol\u00f3gico (NPJ) sendo 01 em Vila Mariana e outra no Jabaquara, ambos referenciados pelo CREAS \u2013 Centro de Refer\u00eancia Especializado da Assist\u00eancia Social e 02 unidades de Servi\u00e7o de Acolhimento Institucional para Crian\u00e7as e Adolescentes (SAICA), localizados nas regi\u00f5es de Santo Amaro e Casa Verde.<\/p>\r\n\r\n<p style=\"text-align: justify;\">Foram mantidos por este Instituto uma Institui\u00e7\u00e3o de Longa Perman\u00eancia \u2013 ILPI, no distrito de Campo Limpo, 01 Servi\u00e7o de Conviv\u00eancia e Fortalecimento de V\u00ednculos \u2013 modalidade: Centro para Crian\u00e7as e Adolescentes \u2013 CCA \u2013 Jd. Ipava, Servi\u00e7o de Conviv\u00eancia e Fortalecimento de V\u00ednculos \u2013 Centro para Juventude \u2013 CJ -Martinica e Servi\u00e7o de Conviv\u00eancia e Fortalecimento de V\u00ednculos modalidades: CCA e CJ \u2013 Jd. Imb\u00e9 e N\u00facleo de Prote\u00e7\u00e3o Jur\u00eddico Social e Apoio Psicol\u00f3gico (NPJ) \u2013 Vila Prudente .<\/p>\r\n\r\n<p style=\"text-align: justify;\">Na Educa\u00e7\u00e3o foi mantido nesta mesma \u00e9poca o Programa Contraturno Escolar \u2013 oficinas de cultura socioculturais nos Centro de Educa\u00e7\u00e3o Unificados \u2013 CEU\u00b4S de Campo Limpo e Butant\u00e3.<\/p>\r\n\r\n[\/vc_column_text][\/vc_column][\/vc_row]","protected":false},"excerpt":{"rendered":"<p>[vc_row][vc_column][mk_fancy_title font_family=&#8221;none&#8221;] Nossa Hist\u00f3ria [\/mk_fancy_title][vc_column_text css=&#8221;.vc_custom_1617823482512{margin-bottom: 0px !important;}&#8221;] Em 2002, na periferia da zona sul de S\u00e3o Paulo marcada por \u00edndices elevados de viol\u00eancia e alt\u00edssima vulnerabilidade um grupo de pessoas atuantes em sua comunidade e comprometidas em contribuir para a diminui\u00e7\u00e3o das desigualdades sociais constitui o Instituto Pilar. O objetivo principal buscava fortalecer e [&hellip;]<\/p>\n","protected":false},"author":1,"featured_media":0,"parent":215,"menu_order":1,"comment_status":"closed","ping_status":"closed","template":"","meta":{"footnotes":""},"class_list":["post-213","page","type-page","status-publish","hentry"],"_links":{"self":[{"href":"https:\/\/institutopilar.org.br\/site\/index.php?rest_route=\/wp\/v2\/pages\/213","targetHints":{"allow":["GET"]}}],"collection":[{"href":"https:\/\/institutopilar.org.br\/site\/index.php?rest_route=\/wp\/v2\/pages"}],"about":[{"href":"https:\/\/institutopilar.org.br\/site\/index.php?rest_route=\/wp\/v2\/types\/page"}],"author":[{"embeddable":true,"href":"https:\/\/institutopilar.org.br\/site\/index.php?rest_route=\/wp\/v2\/users\/1"}],"replies":[{"embeddable":true,"href":"https:\/\/institutopilar.org.br\/site\/index.php?rest_route=%2Fwp%2Fv2%2Fcomments&post=213"}],"version-history":[{"count":3,"href":"https:\/\/institutopilar.org.br\/site\/index.php?rest_route=\/wp\/v2\/pages\/213\/revisions"}],"predecessor-version":[{"id":659,"href":"https:\/\/institutopilar.org.br\/site\/index.php?rest_route=\/wp\/v2\/pages\/213\/revisions\/659"}],"up":[{"embeddable":true,"href":"https:\/\/institutopilar.org.br\/site\/index.php?rest_route=\/wp\/v2\/pages\/215"}],"wp:attachment":[{"href":"https:\/\/institutopilar.org.br\/site\/index.php?rest_route=%2Fwp%2Fv2%2Fmedia&parent=213"}],"curies":[{"name":"wp","href":"https:\/\/api.w.org\/{rel}","templated":true}]}}