{"id":231,"date":"2021-04-06T16:02:28","date_gmt":"2021-04-06T16:02:28","guid":{"rendered":"https:\/\/institutopilar.org.br\/site\/?page_id=231"},"modified":"2021-04-07T19:00:31","modified_gmt":"2021-04-07T19:00:31","slug":"familia-acolhedora","status":"publish","type":"page","link":"https:\/\/institutopilar.org.br\/site\/?page_id=231","title":{"rendered":"Fam\u00edlia Acolhedora"},"content":{"rendered":"[vc_row][vc_column][mk_fancy_title font_family=&#8221;none&#8221;]\r\n<h2><strong>Fam\u00edlia Acolhedora<\/strong><\/h2>\r\n[\/mk_fancy_title][vc_column_text css=&#8221;.vc_custom_1617820549703{margin-bottom: 0px !important;}&#8221;]\r\n<p style=\"text-align: justify;\">Servi\u00e7o referenciado na Prote\u00e7\u00e3o Social Especial de Alta Complexidade, executado por organiza\u00e7\u00f5es da sociedade civil, que organiza o acolhimento, em resid\u00eancias de fam\u00edlias acolhedoras cadastradas, de crian\u00e7as e adolescentes afastados do conv\u00edvio familiar por meio de medida protetiva, em fun\u00e7\u00e3o de abandono ou cujas fam\u00edlias ou respons\u00e1veis encontrem-se temporariamente impossibilitados de cumprir sua fun\u00e7\u00e3o de cuidado e prote\u00e7\u00e3o, at\u00e9 que seja viabilizado o retorno ao conv\u00edvio com a fam\u00edlia de origem ou, na sua impossibilidade, encaminhamento para ado\u00e7\u00e3o. Propicia o atendimento em ambiente familiar, garantindo aten\u00e7\u00e3o individualizada e conviv\u00eancia comunit\u00e1ria, permitindo a continuidade da socializa\u00e7\u00e3o da crian\u00e7a\/adolescente.<\/p>\r\n\r\n<p style=\"text-align: justify;\">O Servi\u00e7o Fam\u00edlia Acolhedora deve organizar-se segundo os princ\u00edpios e diretrizes do Estatuto da Crian\u00e7a e do Adolescente, especialmente no que se refere \u00e0 excepcionalidade e \u00e0 provisoriedade do acolhimento; ao investimento na reintegra\u00e7\u00e3o \u00e0 fam\u00edlia de origem, nuclear ou extensa; \u00e0 preserva\u00e7\u00e3o da conviv\u00eancia e do v\u00ednculo afetivo entre grupos de irm\u00e3os e a permanente articula\u00e7\u00e3o com a Justi\u00e7a da Inf\u00e2ncia e da Juventude e a rede de servi\u00e7os.<\/p>\r\n[\/vc_column_text][\/vc_column][\/vc_row][vc_section][vc_row][vc_column width=&#8221;1\/2&#8243;][mk_fancy_title font_family=&#8221;none&#8221;]\r\n<h2><strong>Objetivos<\/strong><\/h2>\r\n[\/mk_fancy_title][vc_column_text css=&#8221;.vc_custom_1617820706007{margin-bottom: 0px !important;}&#8221;]\r\n<div class=\"edit-post-visual-editor__post-title-wrapper\">\r\n<div class=\"wp-block editor-post-title editor-post-title__block\" style=\"text-align: justify;\">Promover acolhimento familiar de crian\u00e7as e adolescentes afastadas temporariamente de sua fam\u00edlia de origem, com vistas ao retorno familiar (\u00e0 fam\u00edlia de origem, nuclear ou extensa) ou, na sua impossibilidade, o encaminhamento para fam\u00edlia substituta.<\/div>\r\n<\/div>\r\n<div class=\"block-editor-block-list__layout is-root-container\">\r\n<p id=\"block-088fbb54-0604-480c-b6e1-c74e6ed83506\" class=\"block-editor-rich-text__editable block-editor-block-list__block wp-block rich-text\" style=\"text-align: justify;\" tabindex=\"0\" role=\"group\" aria-multiline=\"true\" aria-label=\"Bloco de par\u00e1grafo\" data-block=\"088fbb54-0604-480c-b6e1-c74e6ed83506\" data-type=\"core\/paragraph\" data-title=\"Par\u00e1grafo\"><strong>Objetivos espec\u00edficos<\/strong><\/p>\r\n<ul id=\"block-e1d115a5-f112-41fe-9954-2a1a1b0851a8\" class=\"block-editor-rich-text__editable block-editor-block-list__block wp-block rich-text\" style=\"text-align: justify;\" tabindex=\"0\" role=\"group\" aria-multiline=\"true\" aria-label=\"Bloco: Lista\" data-block=\"e1d115a5-f112-41fe-9954-2a1a1b0851a8\" data-type=\"core\/list\" data-title=\"Lista\">\r\n<li>Acolher e dispensar cuidados individualizados em ambiente familiar;<\/li>\r\n<li>Preservar v\u00ednculos com a fam\u00edlia de origem (salvo determina\u00e7\u00e3o judicial em contr\u00e1rio);<\/li>\r\n<li>Possibilitar a conviv\u00eancia comunit\u00e1ria e o acesso \u00e0 rede de pol\u00edticas p\u00fablicas;<\/li>\r\n<\/ul>\r\n<p id=\"block-71a6d5cd-bbe8-42b5-8a85-9d98e463a6e0\" class=\"block-editor-rich-text__editable block-editor-block-list__block wp-block rich-text\" style=\"text-align: justify;\" tabindex=\"0\" role=\"group\" aria-multiline=\"true\" aria-label=\"Bloco de par\u00e1grafo\" data-block=\"71a6d5cd-bbe8-42b5-8a85-9d98e463a6e0\" data-type=\"core\/paragraph\" data-title=\"Par\u00e1grafo\">Apoiar e construir o retorno da crian\u00e7a e do adolescente \u00e0 fam\u00edlia de origem ou coloca\u00e7\u00e3o em fam\u00edlia substituta.<\/p>\r\n<\/div>\r\n[\/vc_column_text][\/vc_column][vc_column width=&#8221;1\/2&#8243;][mk_padding_divider][vc_video link=&#8221;https:\/\/youtu.be\/R629VJ8S_Pw&#8221;][\/vc_column][\/vc_row][\/vc_section][vc_section][vc_row][vc_column width=&#8221;1\/2&#8243;][mk_fancy_title font_family=&#8221;none&#8221;]\r\n<h2><strong>Modalidade<\/strong><\/h2>\r\n[\/mk_fancy_title][vc_column_text css=&#8221;.vc_custom_1617821938686{margin-bottom: 0px !important;}&#8221;]\r\n<div class=\"edit-post-visual-editor__post-title-wrapper\">\r\n<div class=\"wp-block editor-post-title editor-post-title__block\" style=\"text-align: justify;\">\r\n<div class=\"edit-post-visual-editor__post-title-wrapper\">\r\n<div class=\"wp-block editor-post-title editor-post-title__block\">Servi\u00e7o de Acolhimento em Fam\u00edlia Acolhedora. Essa modalidade de acolhimento possui como pressuposto uma guarda provis\u00f3ria e subsidiada a ser requerida pelo servi\u00e7o ao Juiz da Vara da Inf\u00e2ncia e da Juventude, em favor da fam\u00edlia acolhedora. A manuten\u00e7\u00e3o da guarda estar\u00e1 vinculada \u00e0 perman\u00eancia da Fam\u00edlia Acolhedora no servi\u00e7o.<\/div>\r\n<\/div>\r\n<div class=\"block-editor-block-list__layout is-root-container\">\r\n<p id=\"block-6da05caf-5238-4a0a-ba08-39bab2e26059\" class=\"block-editor-rich-text__editable block-editor-block-list__block wp-block rich-text\" tabindex=\"0\" role=\"group\" aria-multiline=\"true\" aria-label=\"Bloco de par\u00e1grafo\" data-block=\"6da05caf-5238-4a0a-ba08-39bab2e26059\" data-type=\"core\/paragraph\" data-title=\"Par\u00e1grafo\">Podem inscrever-se no Servi\u00e7o de Acolhimento em Fam\u00edlia Acolhedora os maiores de 18 anos, sem restri\u00e7\u00e3o de g\u00eanero e estado civil, interessados em ter sob sua responsabilidade crian\u00e7as e adolescentes e zelar pelo seu bem-estar, na forma estabelecida na regulamenta\u00e7\u00e3o da lei em vig\u00eancia.<\/p>\r\n<p id=\"block-f379d7a7-78c6-4b51-8c1b-125ef8a7a1c1\" class=\"block-editor-rich-text__editable block-editor-block-list__block wp-block rich-text\" tabindex=\"0\" role=\"group\" aria-multiline=\"true\" aria-label=\"Bloco de par\u00e1grafo\" data-block=\"f379d7a7-78c6-4b51-8c1b-125ef8a7a1c1\" data-type=\"core\/paragraph\" data-title=\"Par\u00e1grafo\">\u00c0 Fam\u00edlia Acolhedora ser\u00e1 concedido aux\u00edlio pecuni\u00e1rio, a t\u00edtulo de ajuda de custo, calculado da seguinte forma:<\/p>\r\n<p id=\"block-d616d30d-84a7-4999-bba1-6767aa367dd9\" class=\"block-editor-rich-text__editable block-editor-block-list__block wp-block rich-text\" tabindex=\"0\" role=\"group\" aria-multiline=\"true\" aria-label=\"Bloco de par\u00e1grafo\" data-block=\"d616d30d-84a7-4999-bba1-6767aa367dd9\" data-type=\"core\/paragraph\" data-title=\"Par\u00e1grafo\">I &#8211; para 1 (uma) at\u00e9 3 (tr\u00eas) crian\u00e7as ou adolescentes: 1 (um) sal\u00e1rio m\u00ednimo mensal para cada benefici\u00e1rio do Programa;<\/p>\r\n<p id=\"block-a4657e24-b6e1-4a43-bb71-858247cc992e\" class=\"block-editor-rich-text__editable block-editor-block-list__block wp-block rich-text\" tabindex=\"0\" role=\"group\" aria-multiline=\"true\" aria-label=\"Bloco de par\u00e1grafo\" data-block=\"a4657e24-b6e1-4a43-bb71-858247cc992e\" data-type=\"core\/paragraph\" data-title=\"Par\u00e1grafo\">II &#8211; para 4 (quatro) ou mais crian\u00e7as ou adolescentes:<\/p>\r\n<blockquote>\r\n<p id=\"block-95abcfda-cb6b-45a3-8e49-f06b176e2de4\" class=\"block-editor-rich-text__editable block-editor-block-list__block wp-block rich-text\" tabindex=\"0\" role=\"group\" aria-multiline=\"true\" aria-label=\"Bloco de par\u00e1grafo\" data-block=\"95abcfda-cb6b-45a3-8e49-f06b176e2de4\" data-type=\"core\/paragraph\" data-title=\"Par\u00e1grafo\">a) at\u00e9 o terceiro benefici\u00e1rio: 1 (um) sal\u00e1rio m\u00ednimo mensal para cada benefici\u00e1rio; e<\/p>\r\n<p id=\"block-abbbc466-f3e2-4f80-894f-cb451205d5dc\" class=\"block-editor-rich-text__editable block-editor-block-list__block wp-block rich-text\" tabindex=\"0\" role=\"group\" aria-multiline=\"true\" aria-label=\"Bloco de par\u00e1grafo\" data-block=\"abbbc466-f3e2-4f80-894f-cb451205d5dc\" data-type=\"core\/paragraph\" data-title=\"Par\u00e1grafo\">b) a partir do quarto benefici\u00e1rio: 1 sal\u00e1rio m\u00ednimo mensal para cada 2 (dois) benefici\u00e1rios.<\/p>\r\n<\/blockquote>\r\n<p id=\"block-253db2c2-28f6-40c6-9350-e5649b1ce5a1\" class=\"block-editor-rich-text__editable block-editor-block-list__block wp-block rich-text\" tabindex=\"0\" role=\"group\" aria-multiline=\"true\" aria-label=\"Bloco de par\u00e1grafo\" data-block=\"253db2c2-28f6-40c6-9350-e5649b1ce5a1\" data-type=\"core\/paragraph\" data-title=\"Par\u00e1grafo\">Em caso de acolhimento de crian\u00e7a ou adolescente com defici\u00eancia, o aux\u00edlio pecuni\u00e1rio ser\u00e1 concedido ainda que ocorra recebimento de Benef\u00edcio de Presta\u00e7\u00e3o Continuada.<\/p>\r\n<\/div>\r\n<\/div>\r\n<\/div>\r\n[\/vc_column_text][\/vc_column][vc_column width=&#8221;1\/2&#8243;][mk_padding_divider][vc_video link=&#8221;https:\/\/youtu.be\/MzhU8YcUQII&#8221;][\/vc_column][\/vc_row][\/vc_section]","protected":false},"excerpt":{"rendered":"<p>[vc_row][vc_column][mk_fancy_title font_family=&#8221;none&#8221;] Fam\u00edlia Acolhedora [\/mk_fancy_title][vc_column_text css=&#8221;.vc_custom_1617820549703{margin-bottom: 0px !important;}&#8221;] Servi\u00e7o referenciado na Prote\u00e7\u00e3o Social Especial de Alta Complexidade, executado por organiza\u00e7\u00f5es da sociedade civil, que organiza o acolhimento, em resid\u00eancias de fam\u00edlias acolhedoras cadastradas, de crian\u00e7as e adolescentes afastados do conv\u00edvio familiar por meio de medida protetiva, em fun\u00e7\u00e3o de abandono ou cujas fam\u00edlias ou respons\u00e1veis [&hellip;]<\/p>\n","protected":false},"author":1,"featured_media":0,"parent":0,"menu_order":0,"comment_status":"closed","ping_status":"closed","template":"","meta":{"footnotes":""},"class_list":["post-231","page","type-page","status-publish","hentry"],"_links":{"self":[{"href":"https:\/\/institutopilar.org.br\/site\/index.php?rest_route=\/wp\/v2\/pages\/231","targetHints":{"allow":["GET"]}}],"collection":[{"href":"https:\/\/institutopilar.org.br\/site\/index.php?rest_route=\/wp\/v2\/pages"}],"about":[{"href":"https:\/\/institutopilar.org.br\/site\/index.php?rest_route=\/wp\/v2\/types\/page"}],"author":[{"embeddable":true,"href":"https:\/\/institutopilar.org.br\/site\/index.php?rest_route=\/wp\/v2\/users\/1"}],"replies":[{"embeddable":true,"href":"https:\/\/institutopilar.org.br\/site\/index.php?rest_route=%2Fwp%2Fv2%2Fcomments&post=231"}],"version-history":[{"count":8,"href":"https:\/\/institutopilar.org.br\/site\/index.php?rest_route=\/wp\/v2\/pages\/231\/revisions"}],"predecessor-version":[{"id":434,"href":"https:\/\/institutopilar.org.br\/site\/index.php?rest_route=\/wp\/v2\/pages\/231\/revisions\/434"}],"wp:attachment":[{"href":"https:\/\/institutopilar.org.br\/site\/index.php?rest_route=%2Fwp%2Fv2%2Fmedia&parent=231"}],"curies":[{"name":"wp","href":"https:\/\/api.w.org\/{rel}","templated":true}]}}