{"id":534,"date":"2021-04-08T20:37:57","date_gmt":"2021-04-08T20:37:57","guid":{"rendered":"https:\/\/institutopilar.org.br\/site\/?page_id=534"},"modified":"2021-04-08T20:45:55","modified_gmt":"2021-04-08T20:45:55","slug":"npj","status":"publish","type":"page","link":"https:\/\/institutopilar.org.br\/site\/?page_id=534","title":{"rendered":"NPJ"},"content":{"rendered":"[vc_section][vc_row][vc_column][mk_fancy_title font_family=&#8221;none&#8221;]\n<h2><strong>N\u00daCLEO DE PROTE\u00c7\u00c3O JUR\u00cdDICO-SOCIAL E APOIO PSICOL\u00d3GICO<\/strong><\/h2>\n<h2><strong>NPJ VILA MARIANA<\/strong><\/h2>\n[\/mk_fancy_title][vc_column_text css=&#8221;.vc_custom_1617914029317{margin-bottom: 0px !important;}&#8221;]\n<p style=\"text-align: justify;\">Servi\u00e7o referenciado ao Centro de Refer\u00eancia Especializado da Assist\u00eancia Social &#8211; CREAS com a finalidade de assegurar atendimento especializado para apoio, orienta\u00e7\u00e3o e acompanhamento a fam\u00edlias com um ou mais de seus membros em situa\u00e7\u00e3o de amea\u00e7a ou viola\u00e7\u00e3o de direitos. Compreende aten\u00e7\u00f5es e orienta\u00e7\u00f5es direcionadas para a promo\u00e7\u00e3o de direitos, a preserva\u00e7\u00e3o e o fortalecimento de v\u00ednculos familiares, comunit\u00e1rios e sociais, fortalecendo a fun\u00e7\u00e3o protetiva das fam\u00edlias diante de um conjunto de condi\u00e7\u00f5es que as vulnerabilizam.<\/p>\n<p style=\"text-align: justify;\">Esse servi\u00e7o est\u00e1 vinculado ao CREAS POP e mant\u00e9m rela\u00e7\u00e3o direta com a equipe t\u00e9cnica deste Centro, que dever\u00e1 operar a refer\u00eancia e a contra-refer\u00eancia com a rede de servi\u00e7os socioassistenciais da prote\u00e7\u00e3o social b\u00e1sica e especial e com o Poder Judici\u00e1rio, Minist\u00e9rio P\u00fablico, Defensoria P\u00fablica, Conselhos Tutelares, outras Organiza\u00e7\u00f5es de Defesa de Direitos e demais pol\u00edticas p\u00fablicas, no intuito de estruturar uma rede efetiva de prote\u00e7\u00e3o social. Para garantir o comando e a gest\u00e3o estatal, a equipe t\u00e9cnica do CREAS deve ser respons\u00e1vel pelo acompanhamento da presta\u00e7\u00e3o do servi\u00e7o, assegurando em suas atribui\u00e7\u00f5es:<\/p>\n<p style=\"text-align: justify;\">A realiza\u00e7\u00e3o de reuni\u00f5es mensais de coordena\u00e7\u00e3o t\u00e9cnica de monitoramento e avalia\u00e7\u00e3o com as executoras do servi\u00e7o;<\/p>\n<p style=\"text-align: justify;\">O acesso aos relat\u00f3rios, prontu\u00e1rios e Planos Individuais de Atendimento dos casos atendidos;<\/p>\n<p style=\"text-align: justify;\">A proposi\u00e7\u00e3o de estudos de casos em conjunto com a executora, principalmente aqueles com maior dificuldade de ades\u00e3o \u00e0 proposta de trabalho;<\/p>\n<p style=\"text-align: justify;\">A articula\u00e7\u00e3o com Sistema de Garantia de Direitos;<\/p>\n<p style=\"text-align: justify;\">A inclus\u00e3o no Cadastro \u00danico;<\/p>\n<p style=\"text-align: justify;\">A articula\u00e7\u00e3o com o CRAS para inser\u00e7\u00e3o na rede socioassistencial da Prote\u00e7\u00e3o Social B\u00e1sica quando for o caso;<\/p>\n<p style=\"text-align: justify;\">A inser\u00e7\u00e3o na rede socioassistencial de Prote\u00e7\u00e3o Social Especial e nos programas de transfer\u00eancia de renda quando for o caso;<\/p>\n<p style=\"text-align: justify;\">O acompanhamento \u00e0s visitas domiciliares quando necess\u00e1rio.<\/p>\n[\/vc_column_text][\/vc_column][\/vc_row][\/vc_section][vc_section][vc_row][vc_column width=&#8221;1\/2&#8243;][mk_fancy_title font_family=&#8221;none&#8221;]\n<h2><strong>P\u00fablico Alvo<\/strong><\/h2>\n[\/mk_fancy_title][vc_column_text css=&#8221;.vc_custom_1617914083353{margin-bottom: 0px !important;}&#8221;]\n<p style=\"text-align: justify;\">Jovens, adultos, idosos e suas fam\u00edlias que utilizam as ruas como espa\u00e7o de moradia e\/ou sobreviv\u00eancia<\/p>\n<ul>\n<li style=\"text-align: justify;\">Crian\u00e7as e adolescentes v\u00edtimas de viol\u00eancia dom\u00e9stica e familiar (viol\u00eancia f\u00edsica, psicol\u00f3gica, sexual, neglig\u00eancia);<\/li>\n<li style=\"text-align: justify;\">Crian\u00e7as e adolescentes em situa\u00e7\u00e3o de trabalho infantil e em situa\u00e7\u00e3o de rua; Adolescentes que estejam em Servi\u00e7o de Medida Socioeducativa em Meio Aberto; Crian\u00e7as e adolescentes em descumprimento de condicionalidades do PETI;<\/li>\n<li style=\"text-align: justify;\">Fam\u00edlias e indiv\u00edduos com seus direitos violados com v\u00ednculos familiares e comunit\u00e1rios rompidos ou n\u00e3o.<\/li>\n<\/ul>\n[\/vc_column_text][\/vc_column][vc_column width=&#8221;1\/2&#8243;][\/vc_column][\/vc_row][\/vc_section][vc_section][vc_row][vc_column][mk_fancy_title font_family=&#8221;none&#8221;]\n<h2><strong>Objetivos<\/strong><\/h2>\n[\/mk_fancy_title][vc_column_text css=&#8221;.vc_custom_1617914135929{margin-bottom: 0px !important;}&#8221;]\n<p style=\"text-align: justify;\">Promover prote\u00e7\u00e3o a crian\u00e7as, adolescentes, indiv\u00edduos e suas fam\u00edlias, quando da ocorr\u00eancia de situa\u00e7\u00e3o de risco pessoal e social, especialmente aqueles relacionadas \u00e0 viol\u00eancia sob suas diversas formas, maus tratos, abandono, discrimina\u00e7\u00f5es sociais e restri\u00e7\u00f5es \u00e0 plena autonomia e exerc\u00edcio das capacidades.<\/p>\n[\/vc_column_text][\/vc_column][\/vc_row][vc_row][vc_column][mk_fancy_title font_family=&#8221;none&#8221;]\n<h2><strong>Objetivos espec\u00edficos<\/strong><\/h2>\n[\/mk_fancy_title][vc_column_text css=&#8221;.vc_custom_1617914156034{margin-bottom: 0px !important;}&#8221;]\n<ul>\n<li style=\"text-align: justify;\">Identificar, monitorar e reduzir a ocorr\u00eancia de riscos, seu agravamento ou sua reincid\u00eancia;<\/li>\n<li style=\"text-align: justify;\">Ofertar o atendimento psicossocial em rede, com os servi\u00e7os socioassistenciais, pol\u00edticas intersetoriais, agentes institucionais e demais atores do Sistema de Garantia de Direitos;<\/li>\n<li style=\"text-align: justify;\">Prover a acolhida e a\u00e7\u00f5es direcionadas a crian\u00e7as, adolescentes e fam\u00edlias, assegurando o envolvimento afetivo no processo de reorganiza\u00e7\u00e3o, na perspectiva de potencializar sua capacidade de prote\u00e7\u00e3o;<\/li>\n<li style=\"text-align: justify;\">Ofertar orienta\u00e7\u00e3o especializada e jur\u00eddica social;<\/li>\n<li style=\"text-align: justify;\">Realizar e acompanhar a efetividade dos encaminhamentos necess\u00e1rios; Promover a\u00e7\u00f5es articuladas intersetoriais nos territ\u00f3rios que concentram maior incid\u00eancia de situa\u00e7\u00f5es de risco ou viola\u00e7\u00e3o de direitos.<\/li>\n<\/ul>\n<p style=\"text-align: justify;\"><strong>Meta de Atendimento<\/strong>: 120 jovens, adultos, idosos e suas fam\u00edlias que utilizam as ruas como espa\u00e7o de moradia e\/ou sobreviv\u00eancia<\/p>\n<p style=\"text-align: justify;\"><strong>Distritos de abrang\u00eancia:<\/strong> Vila Mariana, Sa\u00fade e Moema<\/p>\n[\/vc_column_text][\/vc_column][\/vc_row][\/vc_section][vc_row][vc_column][mk_fancy_title font_family=&#8221;none&#8221;]\n<h2><strong>Contato<\/strong><\/h2>\n[\/mk_fancy_title][vc_column_text css=&#8221;.vc_custom_1617914259277{margin-bottom: 0px !important;}&#8221;]<strong>Email:<\/strong> <a href=\"mailto:npjvm@institutopilar.org.br\">npjvm@institutopilar.org.br<\/a><\/p>\n<p><strong>Fone:<\/strong> 5081-2137\/5081-2176<\/p>\n<p><strong><u>Horario de funcionamento: <\/u><\/strong>08h00 \u00e1s 18h00[\/vc_column_text][\/vc_column][\/vc_row]\n","protected":false},"excerpt":{"rendered":"<p>[vc_section][vc_row][vc_column][mk_fancy_title font_family=&#8221;none&#8221;] N\u00daCLEO DE PROTE\u00c7\u00c3O JUR\u00cdDICO-SOCIAL E APOIO PSICOL\u00d3GICO NPJ VILA MARIANA [\/mk_fancy_title][vc_column_text css=&#8221;.vc_custom_1617914029317{margin-bottom: 0px !important;}&#8221;] Servi\u00e7o referenciado ao Centro de Refer\u00eancia Especializado da Assist\u00eancia Social &#8211; CREAS com a finalidade de assegurar atendimento especializado para apoio, orienta\u00e7\u00e3o e acompanhamento a fam\u00edlias com um ou mais de seus membros em situa\u00e7\u00e3o de amea\u00e7a ou viola\u00e7\u00e3o [&hellip;]<\/p>\n","protected":false},"author":1,"featured_media":0,"parent":0,"menu_order":3,"comment_status":"closed","ping_status":"closed","template":"","meta":{"footnotes":""},"class_list":["post-534","page","type-page","status-publish","hentry"],"_links":{"self":[{"href":"https:\/\/institutopilar.org.br\/site\/index.php?rest_route=\/wp\/v2\/pages\/534","targetHints":{"allow":["GET"]}}],"collection":[{"href":"https:\/\/institutopilar.org.br\/site\/index.php?rest_route=\/wp\/v2\/pages"}],"about":[{"href":"https:\/\/institutopilar.org.br\/site\/index.php?rest_route=\/wp\/v2\/types\/page"}],"author":[{"embeddable":true,"href":"https:\/\/institutopilar.org.br\/site\/index.php?rest_route=\/wp\/v2\/users\/1"}],"replies":[{"embeddable":true,"href":"https:\/\/institutopilar.org.br\/site\/index.php?rest_route=%2Fwp%2Fv2%2Fcomments&post=534"}],"version-history":[{"count":2,"href":"https:\/\/institutopilar.org.br\/site\/index.php?rest_route=\/wp\/v2\/pages\/534\/revisions"}],"predecessor-version":[{"id":536,"href":"https:\/\/institutopilar.org.br\/site\/index.php?rest_route=\/wp\/v2\/pages\/534\/revisions\/536"}],"wp:attachment":[{"href":"https:\/\/institutopilar.org.br\/site\/index.php?rest_route=%2Fwp%2Fv2%2Fmedia&parent=534"}],"curies":[{"name":"wp","href":"https:\/\/api.w.org\/{rel}","templated":true}]}}